{"id":15627,"date":"2024-08-14T13:46:44","date_gmt":"2024-08-14T10:46:44","guid":{"rendered":"https:\/\/allinajans.com\/menu\/?page_id=15627"},"modified":"2024-08-15T14:43:31","modified_gmt":"2024-08-15T11:43:31","slug":"qr-menu","status":"publish","type":"page","link":"https:\/\/bbtantuni.com\/","title":{"rendered":"QR MENU"},"content":{"rendered":"\t\t<div data-elementor-type=\"wp-page\" data-elementor-id=\"15627\" class=\"elementor elementor-15627\" data-elementor-post-type=\"page\">\n\t\t\t\t<div class=\"elementor-element elementor-element-28f7d5d e-flex e-con-boxed e-con e-parent\" data-id=\"28f7d5d\" data-element_type=\"container\" data-settings=\"{&quot;sticky&quot;:&quot;top&quot;,&quot;sticky_on&quot;:[&quot;desktop&quot;,&quot;tablet&quot;,&quot;mobile&quot;],&quot;sticky_offset&quot;:0,&quot;sticky_effects_offset&quot;:0}\">\n\t\t\t\t\t<div class=\"e-con-inner\">\n\t\t<div class=\"elementor-element elementor-element-cd5707e e-con-full e-flex e-con e-child\" data-id=\"cd5707e\" data-element_type=\"container\">\n\t\t\t\t<div class=\"elementor-element elementor-element-dcf1a67 elementor-widget elementor-widget-image\" data-id=\"dcf1a67\" data-element_type=\"widget\" data-widget_type=\"image.default\">\n\t\t\t\t<div class=\"elementor-widget-container\">\n\t\t\t<style>\/*! elementor - v3.23.0 - 05-08-2024 *\/\n.elementor-widget-image{text-align:center}.elementor-widget-image a{display:inline-block}.elementor-widget-image a img[src$=\".svg\"]{width:48px}.elementor-widget-image img{vertical-align:middle;display:inline-block}<\/style>\t\t\t\t\t\t\t\t\t\t<img fetchpriority=\"high\" decoding=\"async\" width=\"364\" height=\"182\" src=\"https:\/\/bbtantuni.com\/wp-content\/uploads\/2024\/08\/Isimsiz-2-1.png\" class=\"attachment-large size-large wp-image-15662\" alt=\"\" \/>\t\t\t\t\t\t\t\t\t\t\t\t\t<\/div>\n\t\t\t\t<\/div>\n\t\t\t\t<\/div>\n\t\t<div class=\"elementor-element elementor-element-4356d54 e-con-full e-flex e-con e-child\" data-id=\"4356d54\" data-element_type=\"container\" data-settings=\"{&quot;background_background&quot;:&quot;classic&quot;}\">\n\t\t\t\t<div class=\"elementor-element elementor-element-7026f35 elementor-nav-menu--stretch elementor-nav-menu__text-align-aside elementor-nav-menu--toggle elementor-nav-menu--burger elementor-widget elementor-widget-nav-menu\" data-id=\"7026f35\" data-element_type=\"widget\" data-settings=\"{&quot;layout&quot;:&quot;dropdown&quot;,&quot;full_width&quot;:&quot;stretch&quot;,&quot;submenu_icon&quot;:{&quot;value&quot;:&quot;&lt;svg class=\\&quot;e-font-icon-svg e-fas-caret-down\\&quot; viewBox=\\&quot;0 0 320 512\\&quot; xmlns=\\&quot;http:\\\/\\\/www.w3.org\\\/2000\\\/svg\\&quot;&gt;&lt;path d=\\&quot;M31.3 192h257.3c17.8 0 26.7 21.5 14.1 34.1L174.1 354.8c-7.8 7.8-20.5 7.8-28.3 0L17.2 226.1C4.6 213.5 13.5 192 31.3 192z\\&quot;&gt;&lt;\\\/path&gt;&lt;\\\/svg&gt;&quot;,&quot;library&quot;:&quot;fa-solid&quot;},&quot;toggle&quot;:&quot;burger&quot;}\" data-widget_type=\"nav-menu.default\">\n\t\t\t\t<div class=\"elementor-widget-container\">\n\t\t\t<link rel=\"stylesheet\" href=\"https:\/\/bbtantuni.com\/wp-content\/plugins\/elementor-pro\/assets\/css\/widget-nav-menu.min.css\">\t\t<div class=\"elementor-menu-toggle\" role=\"button\" tabindex=\"0\" aria-label=\"Menu Toggle\" aria-expanded=\"false\">\n\t\t\t<svg aria-hidden=\"true\" role=\"presentation\" class=\"elementor-menu-toggle__icon--open e-font-icon-svg e-eicon-menu-bar\" viewBox=\"0 0 1000 1000\" xmlns=\"http:\/\/www.w3.org\/2000\/svg\"><path d=\"M104 333H896C929 333 958 304 958 271S929 208 896 208H104C71 208 42 237 42 271S71 333 104 333ZM104 583H896C929 583 958 554 958 521S929 458 896 458H104C71 458 42 487 42 521S71 583 104 583ZM104 833H896C929 833 958 804 958 771S929 708 896 708H104C71 708 42 737 42 771S71 833 104 833Z\"><\/path><\/svg><svg aria-hidden=\"true\" role=\"presentation\" class=\"elementor-menu-toggle__icon--close e-font-icon-svg e-eicon-close\" viewBox=\"0 0 1000 1000\" xmlns=\"http:\/\/www.w3.org\/2000\/svg\"><path d=\"M742 167L500 408 258 167C246 154 233 150 217 150 196 150 179 158 167 167 154 179 150 196 150 212 150 229 154 242 171 254L408 500 167 742C138 771 138 800 167 829 196 858 225 858 254 829L496 587 738 829C750 842 767 846 783 846 800 846 817 842 829 829 842 817 846 804 846 783 846 767 842 750 829 737L588 500 833 258C863 229 863 200 833 171 804 137 775 137 742 167Z\"><\/path><\/svg>\t\t\t<span class=\"elementor-screen-only\">Menu<\/span>\n\t\t<\/div>\n\t\t\t\t\t<nav class=\"elementor-nav-menu--dropdown elementor-nav-menu__container\" aria-hidden=\"true\">\n\t\t\t\t<ul id=\"menu-2-7026f35\" class=\"elementor-nav-menu\"><li class=\"menu-item menu-item-type-custom menu-item-object-custom menu-item-15667\"><a href=\"#et\" class=\"elementor-item elementor-item-anchor\" tabindex=\"-1\">Et Tantuni<\/a><\/li>\n<li class=\"menu-item menu-item-type-custom menu-item-object-custom menu-item-15668\"><a href=\"#tavuk\" class=\"elementor-item elementor-item-anchor\" tabindex=\"-1\">Tavuk Tantuni<\/a><\/li>\n<li class=\"menu-item menu-item-type-custom menu-item-object-custom menu-item-15669\"><a href=\"#cigkofte\" class=\"elementor-item elementor-item-anchor\" tabindex=\"-1\">\u00c7i\u011f K\u00f6fte<\/a><\/li>\n<li class=\"menu-item menu-item-type-custom menu-item-object-custom menu-item-15670\"><a href=\"#iclikofte\" class=\"elementor-item elementor-item-anchor\" tabindex=\"-1\">\u0130\u00e7li K\u00f6fte<\/a><\/li>\n<li class=\"menu-item menu-item-type-custom menu-item-object-custom menu-item-15671\"><a href=\"#icecek\" class=\"elementor-item elementor-item-anchor\" tabindex=\"-1\">\u0130\u00e7ecekler<\/a><\/li>\n<\/ul>\t\t\t<\/nav>\n\t\t\t\t<\/div>\n\t\t\t\t<\/div>\n\t\t\t\t<\/div>\n\t\t\t\t\t<\/div>\n\t\t\t\t<\/div>\n\t\t<div class=\"elementor-element elementor-element-d6dfed8 e-grid e-con-boxed e-con e-parent\" data-id=\"d6dfed8\" data-element_type=\"container\" id=\"tavuk\" data-settings=\"{&quot;background_background&quot;:&quot;classic&quot;}\">\n\t\t\t\t\t<div class=\"e-con-inner\">\n\t\t\t\t<div class=\"elementor-element elementor-element-92c3785 elementor-widget elementor-widget-heading\" data-id=\"92c3785\" data-element_type=\"widget\" data-widget_type=\"heading.default\">\n\t\t\t\t<div class=\"elementor-widget-container\">\n\t\t\t<style>\/*! elementor - v3.23.0 - 05-08-2024 *\/\n.elementor-heading-title{padding:0;margin:0;line-height:1}.elementor-widget-heading .elementor-heading-title[class*=elementor-size-]>a{color:inherit;font-size:inherit;line-height:inherit}.elementor-widget-heading .elementor-heading-title.elementor-size-small{font-size:15px}.elementor-widget-heading .elementor-heading-title.elementor-size-medium{font-size:19px}.elementor-widget-heading .elementor-heading-title.elementor-size-large{font-size:29px}.elementor-widget-heading .elementor-heading-title.elementor-size-xl{font-size:39px}.elementor-widget-heading .elementor-heading-title.elementor-size-xxl{font-size:59px}<\/style><h5 class=\"elementor-heading-title elementor-size-default\">Tavuk Tantuni <\/h5>\t\t<\/div>\n\t\t\t\t<\/div>\n\t\t\t\t\t<\/div>\n\t\t\t\t<\/div>\n\t\t<div class=\"elementor-element elementor-element-8509d9d e-flex e-con-boxed e-con e-parent\" data-id=\"8509d9d\" data-element_type=\"container\">\n\t\t\t\t\t<div class=\"e-con-inner\">\n\t\t\t\t<div class=\"elementor-element elementor-element-cf73021 elementor-widget elementor-widget-heading\" data-id=\"cf73021\" data-element_type=\"widget\" data-widget_type=\"heading.default\">\n\t\t\t\t<div class=\"elementor-widget-container\">\n\t\t\t<h6 class=\"elementor-heading-title elementor-size-default\">Tavuk Tantuni - Ekmek Aras\u0131<\/h6>\t\t<\/div>\n\t\t\t\t<\/div>\n\t\t\t\t<div class=\"elementor-element elementor-element-604ccc5 elementor-widget elementor-widget-image\" data-id=\"604ccc5\" data-element_type=\"widget\" data-widget_type=\"image.default\">\n\t\t\t\t<div class=\"elementor-widget-container\">\n\t\t\t\t\t\t\t\t\t\t\t\t\t<img decoding=\"async\" width=\"1200\" height=\"675\" src=\"https:\/\/bbtantuni.com\/wp-content\/uploads\/2024\/08\/DSC08879-1300x731.jpg\" class=\"attachment-large size-large wp-image-15648\" alt=\"\" srcset=\"https:\/\/bbtantuni.com\/wp-content\/uploads\/2024\/08\/DSC08879-1300x731.jpg 1300w, https:\/\/bbtantuni.com\/wp-content\/uploads\/2024\/08\/DSC08879-400x225.jpg 400w, https:\/\/bbtantuni.com\/wp-content\/uploads\/2024\/08\/DSC08879-768x432.jpg 768w, https:\/\/bbtantuni.com\/wp-content\/uploads\/2024\/08\/DSC08879-1536x864.jpg 1536w, https:\/\/bbtantuni.com\/wp-content\/uploads\/2024\/08\/DSC08879-2048x1152.jpg 2048w\" sizes=\"(max-width: 1200px) 100vw, 1200px\" \/>\t\t\t\t\t\t\t\t\t\t\t\t\t<\/div>\n\t\t\t\t<\/div>\n\t\t\t\t\t<\/div>\n\t\t\t\t<\/div>\n\t\t<div class=\"elementor-element elementor-element-264a34b e-flex e-con-boxed e-con e-parent\" data-id=\"264a34b\" data-element_type=\"container\">\n\t\t\t\t\t<div class=\"e-con-inner\">\n\t\t\t\t<div class=\"elementor-element elementor-element-b36591c elementor-widget elementor-widget-heading\" data-id=\"b36591c\" data-element_type=\"widget\" data-widget_type=\"heading.default\">\n\t\t\t\t<div class=\"elementor-widget-container\">\n\t\t\t<h6 class=\"elementor-heading-title elementor-size-default\">Tavuk Tantuni - D\u00fcr\u00fcm<\/h6>\t\t<\/div>\n\t\t\t\t<\/div>\n\t\t\t\t<div class=\"elementor-element elementor-element-cbd9c8a elementor-widget elementor-widget-image\" data-id=\"cbd9c8a\" data-element_type=\"widget\" data-widget_type=\"image.default\">\n\t\t\t\t<div class=\"elementor-widget-container\">\n\t\t\t\t\t\t\t\t\t\t\t\t\t<img decoding=\"async\" width=\"1200\" height=\"675\" src=\"https:\/\/bbtantuni.com\/wp-content\/uploads\/2024\/08\/DSC08832-1300x731.jpg\" class=\"attachment-large size-large wp-image-15632\" alt=\"\" srcset=\"https:\/\/bbtantuni.com\/wp-content\/uploads\/2024\/08\/DSC08832-1300x731.jpg 1300w, https:\/\/bbtantuni.com\/wp-content\/uploads\/2024\/08\/DSC08832-400x225.jpg 400w, https:\/\/bbtantuni.com\/wp-content\/uploads\/2024\/08\/DSC08832-768x432.jpg 768w, https:\/\/bbtantuni.com\/wp-content\/uploads\/2024\/08\/DSC08832-1536x864.jpg 1536w, https:\/\/bbtantuni.com\/wp-content\/uploads\/2024\/08\/DSC08832-2048x1152.jpg 2048w\" sizes=\"(max-width: 1200px) 100vw, 1200px\" \/>\t\t\t\t\t\t\t\t\t\t\t\t\t<\/div>\n\t\t\t\t<\/div>\n\t\t\t\t\t<\/div>\n\t\t\t\t<\/div>\n\t\t<div class=\"elementor-element elementor-element-a92d8ce e-flex e-con-boxed e-con e-parent\" data-id=\"a92d8ce\" data-element_type=\"container\">\n\t\t\t\t\t<div class=\"e-con-inner\">\n\t\t\t\t<div class=\"elementor-element elementor-element-893e333 elementor-widget elementor-widget-heading\" data-id=\"893e333\" data-element_type=\"widget\" data-widget_type=\"heading.default\">\n\t\t\t\t<div class=\"elementor-widget-container\">\n\t\t\t<h6 class=\"elementor-heading-title elementor-size-default\">Tavuk Tantuni - Yo\u011furtlu<\/h6>\t\t<\/div>\n\t\t\t\t<\/div>\n\t\t\t\t<div class=\"elementor-element elementor-element-29838c1 elementor-widget elementor-widget-image\" data-id=\"29838c1\" data-element_type=\"widget\" data-widget_type=\"image.default\">\n\t\t\t\t<div class=\"elementor-widget-container\">\n\t\t\t\t\t\t\t\t\t\t\t\t\t<img loading=\"lazy\" decoding=\"async\" width=\"1200\" height=\"675\" src=\"https:\/\/bbtantuni.com\/wp-content\/uploads\/2024\/08\/DSC08873-1300x731.jpg\" class=\"attachment-large size-large wp-image-15649\" alt=\"\" srcset=\"https:\/\/bbtantuni.com\/wp-content\/uploads\/2024\/08\/DSC08873-1300x731.jpg 1300w, https:\/\/bbtantuni.com\/wp-content\/uploads\/2024\/08\/DSC08873-400x225.jpg 400w, https:\/\/bbtantuni.com\/wp-content\/uploads\/2024\/08\/DSC08873-768x432.jpg 768w, https:\/\/bbtantuni.com\/wp-content\/uploads\/2024\/08\/DSC08873-1536x864.jpg 1536w, https:\/\/bbtantuni.com\/wp-content\/uploads\/2024\/08\/DSC08873-2048x1152.jpg 2048w\" sizes=\"(max-width: 1200px) 100vw, 1200px\" \/>\t\t\t\t\t\t\t\t\t\t\t\t\t<\/div>\n\t\t\t\t<\/div>\n\t\t\t\t\t<\/div>\n\t\t\t\t<\/div>\n\t\t<div class=\"elementor-element elementor-element-de6821c e-grid e-con-boxed e-con e-parent\" data-id=\"de6821c\" data-element_type=\"container\" id=\"et\" data-settings=\"{&quot;background_background&quot;:&quot;classic&quot;}\">\n\t\t\t\t\t<div class=\"e-con-inner\">\n\t\t\t\t<div class=\"elementor-element elementor-element-4e1dd09 elementor-widget elementor-widget-heading\" data-id=\"4e1dd09\" data-element_type=\"widget\" data-widget_type=\"heading.default\">\n\t\t\t\t<div class=\"elementor-widget-container\">\n\t\t\t<h5 class=\"elementor-heading-title elementor-size-default\">Et Tantuni<\/h5>\t\t<\/div>\n\t\t\t\t<\/div>\n\t\t\t\t\t<\/div>\n\t\t\t\t<\/div>\n\t\t<div class=\"elementor-element elementor-element-a404fbe e-flex e-con-boxed e-con e-parent\" data-id=\"a404fbe\" data-element_type=\"container\">\n\t\t\t\t\t<div class=\"e-con-inner\">\n\t\t\t\t<div class=\"elementor-element elementor-element-1d0fd87 elementor-widget elementor-widget-heading\" data-id=\"1d0fd87\" data-element_type=\"widget\" data-widget_type=\"heading.default\">\n\t\t\t\t<div class=\"elementor-widget-container\">\n\t\t\t<h6 class=\"elementor-heading-title elementor-size-default\">Et Tantuni - D\u00fcr\u00fcm<\/h6>\t\t<\/div>\n\t\t\t\t<\/div>\n\t\t\t\t<div class=\"elementor-element elementor-element-d008d8d elementor-widget elementor-widget-image\" data-id=\"d008d8d\" data-element_type=\"widget\" data-widget_type=\"image.default\">\n\t\t\t\t<div class=\"elementor-widget-container\">\n\t\t\t\t\t\t\t\t\t\t\t\t\t<img loading=\"lazy\" decoding=\"async\" width=\"1200\" height=\"675\" src=\"https:\/\/bbtantuni.com\/wp-content\/uploads\/2024\/08\/DSC08921-1300x731.jpg\" class=\"attachment-large size-large wp-image-15655\" alt=\"\" srcset=\"https:\/\/bbtantuni.com\/wp-content\/uploads\/2024\/08\/DSC08921-1300x731.jpg 1300w, https:\/\/bbtantuni.com\/wp-content\/uploads\/2024\/08\/DSC08921-400x225.jpg 400w, https:\/\/bbtantuni.com\/wp-content\/uploads\/2024\/08\/DSC08921-768x432.jpg 768w, https:\/\/bbtantuni.com\/wp-content\/uploads\/2024\/08\/DSC08921-1536x864.jpg 1536w, https:\/\/bbtantuni.com\/wp-content\/uploads\/2024\/08\/DSC08921-2048x1152.jpg 2048w\" sizes=\"(max-width: 1200px) 100vw, 1200px\" \/>\t\t\t\t\t\t\t\t\t\t\t\t\t<\/div>\n\t\t\t\t<\/div>\n\t\t\t\t\t<\/div>\n\t\t\t\t<\/div>\n\t\t<div class=\"elementor-element elementor-element-2e809c6 e-flex e-con-boxed e-con e-parent\" data-id=\"2e809c6\" data-element_type=\"container\">\n\t\t\t\t\t<div class=\"e-con-inner\">\n\t\t\t\t<div class=\"elementor-element elementor-element-af9436f elementor-widget elementor-widget-heading\" data-id=\"af9436f\" data-element_type=\"widget\" data-widget_type=\"heading.default\">\n\t\t\t\t<div class=\"elementor-widget-container\">\n\t\t\t<h6 class=\"elementor-heading-title elementor-size-default\">Et Tantuni - Ekmek Aras\u0131<\/h6>\t\t<\/div>\n\t\t\t\t<\/div>\n\t\t\t\t<div class=\"elementor-element elementor-element-f75b10e elementor-widget elementor-widget-image\" data-id=\"f75b10e\" data-element_type=\"widget\" data-widget_type=\"image.default\">\n\t\t\t\t<div class=\"elementor-widget-container\">\n\t\t\t\t\t\t\t\t\t\t\t\t\t<img loading=\"lazy\" decoding=\"async\" width=\"1200\" height=\"675\" src=\"https:\/\/bbtantuni.com\/wp-content\/uploads\/2024\/08\/DSC08939-1300x731.jpg\" class=\"attachment-large size-large wp-image-15656\" alt=\"\" srcset=\"https:\/\/bbtantuni.com\/wp-content\/uploads\/2024\/08\/DSC08939-1300x731.jpg 1300w, https:\/\/bbtantuni.com\/wp-content\/uploads\/2024\/08\/DSC08939-400x225.jpg 400w, https:\/\/bbtantuni.com\/wp-content\/uploads\/2024\/08\/DSC08939-768x432.jpg 768w, https:\/\/bbtantuni.com\/wp-content\/uploads\/2024\/08\/DSC08939-1536x864.jpg 1536w, https:\/\/bbtantuni.com\/wp-content\/uploads\/2024\/08\/DSC08939-2048x1152.jpg 2048w\" sizes=\"(max-width: 1200px) 100vw, 1200px\" \/>\t\t\t\t\t\t\t\t\t\t\t\t\t<\/div>\n\t\t\t\t<\/div>\n\t\t\t\t\t<\/div>\n\t\t\t\t<\/div>\n\t\t<div class=\"elementor-element elementor-element-6525a51 e-flex e-con-boxed e-con e-parent\" data-id=\"6525a51\" data-element_type=\"container\">\n\t\t\t\t\t<div class=\"e-con-inner\">\n\t\t\t\t<div class=\"elementor-element elementor-element-860f39f elementor-widget elementor-widget-heading\" data-id=\"860f39f\" data-element_type=\"widget\" data-widget_type=\"heading.default\">\n\t\t\t\t<div class=\"elementor-widget-container\">\n\t\t\t<h6 class=\"elementor-heading-title elementor-size-default\">Et Tantuni - Yo\u011furtlu<\/h6>\t\t<\/div>\n\t\t\t\t<\/div>\n\t\t\t\t<div class=\"elementor-element elementor-element-00c47fc elementor-widget elementor-widget-image\" data-id=\"00c47fc\" data-element_type=\"widget\" data-widget_type=\"image.default\">\n\t\t\t\t<div class=\"elementor-widget-container\">\n\t\t\t\t\t\t\t\t\t\t\t\t\t<img loading=\"lazy\" decoding=\"async\" width=\"1200\" height=\"675\" src=\"https:\/\/bbtantuni.com\/wp-content\/uploads\/2024\/08\/DSC08871-1300x731.jpg\" class=\"attachment-large size-large wp-image-15657\" alt=\"\" srcset=\"https:\/\/bbtantuni.com\/wp-content\/uploads\/2024\/08\/DSC08871-1300x731.jpg 1300w, https:\/\/bbtantuni.com\/wp-content\/uploads\/2024\/08\/DSC08871-400x225.jpg 400w, https:\/\/bbtantuni.com\/wp-content\/uploads\/2024\/08\/DSC08871-768x432.jpg 768w, https:\/\/bbtantuni.com\/wp-content\/uploads\/2024\/08\/DSC08871-1536x864.jpg 1536w, https:\/\/bbtantuni.com\/wp-content\/uploads\/2024\/08\/DSC08871-2048x1152.jpg 2048w\" sizes=\"(max-width: 1200px) 100vw, 1200px\" \/>\t\t\t\t\t\t\t\t\t\t\t\t\t<\/div>\n\t\t\t\t<\/div>\n\t\t\t\t\t<\/div>\n\t\t\t\t<\/div>\n\t\t<div class=\"elementor-element elementor-element-ce20722 e-grid e-con-boxed e-con e-parent\" data-id=\"ce20722\" data-element_type=\"container\" id=\"cigkofte\" data-settings=\"{&quot;background_background&quot;:&quot;classic&quot;}\">\n\t\t\t\t\t<div class=\"e-con-inner\">\n\t\t\t\t<div class=\"elementor-element elementor-element-01b7178 elementor-widget elementor-widget-heading\" data-id=\"01b7178\" data-element_type=\"widget\" data-widget_type=\"heading.default\">\n\t\t\t\t<div class=\"elementor-widget-container\">\n\t\t\t<h5 class=\"elementor-heading-title elementor-size-default\">\u00c7i\u011f K\u00f6fte<\/h5>\t\t<\/div>\n\t\t\t\t<\/div>\n\t\t\t\t\t<\/div>\n\t\t\t\t<\/div>\n\t\t<div class=\"elementor-element elementor-element-2867fcd e-flex e-con-boxed e-con e-parent\" data-id=\"2867fcd\" data-element_type=\"container\">\n\t\t\t\t\t<div class=\"e-con-inner\">\n\t\t\t\t<div class=\"elementor-element elementor-element-c6c68da elementor-widget elementor-widget-heading\" data-id=\"c6c68da\" data-element_type=\"widget\" data-widget_type=\"heading.default\">\n\t\t\t\t<div class=\"elementor-widget-container\">\n\t\t\t<h6 class=\"elementor-heading-title elementor-size-default\">- D\u00fcr\u00fcm (100 gr.) <br>\n- Mega D\u00fcr\u00fcm (150 gr.) <br>\n- K\u00fc\u00e7\u00fck Paket (300 gr.)<br>\n- Orta Paket (500 gr.)<br>\n- B\u00fcy\u00fck Paket (750 gr.)<br>\n- Aile Boyu (1 kg)<\/h6>\t\t<\/div>\n\t\t\t\t<\/div>\n\t\t\t\t<div class=\"elementor-element elementor-element-1ad88ed elementor-widget elementor-widget-image\" data-id=\"1ad88ed\" data-element_type=\"widget\" data-widget_type=\"image.default\">\n\t\t\t\t<div class=\"elementor-widget-container\">\n\t\t\t\t\t\t\t\t\t\t\t\t\t<img loading=\"lazy\" decoding=\"async\" width=\"1200\" height=\"800\" src=\"https:\/\/bbtantuni.com\/wp-content\/uploads\/2024\/08\/oses-cig-kofte-fiyatlari-1-1200x800.jpg\" class=\"attachment-large size-large wp-image-15685\" alt=\"\" srcset=\"https:\/\/bbtantuni.com\/wp-content\/uploads\/2024\/08\/oses-cig-kofte-fiyatlari-1-1200x800.jpg 1200w, https:\/\/bbtantuni.com\/wp-content\/uploads\/2024\/08\/oses-cig-kofte-fiyatlari-1-400x267.jpg 400w, https:\/\/bbtantuni.com\/wp-content\/uploads\/2024\/08\/oses-cig-kofte-fiyatlari-1-768x512.jpg 768w, https:\/\/bbtantuni.com\/wp-content\/uploads\/2024\/08\/oses-cig-kofte-fiyatlari-1.jpg 1250w\" sizes=\"(max-width: 1200px) 100vw, 1200px\" \/>\t\t\t\t\t\t\t\t\t\t\t\t\t<\/div>\n\t\t\t\t<\/div>\n\t\t\t\t\t<\/div>\n\t\t\t\t<\/div>\n\t\t<div class=\"elementor-element elementor-element-20f9f3f e-grid e-con-boxed e-con e-parent\" data-id=\"20f9f3f\" data-element_type=\"container\" id=\"iclikofte\" data-settings=\"{&quot;background_background&quot;:&quot;classic&quot;}\">\n\t\t\t\t\t<div class=\"e-con-inner\">\n\t\t\t\t<div class=\"elementor-element elementor-element-3e3f39d elementor-widget elementor-widget-heading\" data-id=\"3e3f39d\" data-element_type=\"widget\" data-widget_type=\"heading.default\">\n\t\t\t\t<div class=\"elementor-widget-container\">\n\t\t\t<h5 class=\"elementor-heading-title elementor-size-default\">\u0130\u00e7li K\u00f6fte<\/h5>\t\t<\/div>\n\t\t\t\t<\/div>\n\t\t\t\t\t<\/div>\n\t\t\t\t<\/div>\n\t\t<div class=\"elementor-element elementor-element-67bdac4 e-flex e-con-boxed e-con e-parent\" data-id=\"67bdac4\" data-element_type=\"container\">\n\t\t\t\t\t<div class=\"e-con-inner\">\n\t\t\t\t<div class=\"elementor-element elementor-element-fe26ad1 elementor-widget elementor-widget-heading\" data-id=\"fe26ad1\" data-element_type=\"widget\" data-widget_type=\"heading.default\">\n\t\t\t\t<div class=\"elementor-widget-container\">\n\t\t\t<h6 class=\"elementor-heading-title elementor-size-default\">Porsiyon<\/h6>\t\t<\/div>\n\t\t\t\t<\/div>\n\t\t\t\t<div class=\"elementor-element elementor-element-700f19d elementor-widget elementor-widget-image\" data-id=\"700f19d\" data-element_type=\"widget\" data-widget_type=\"image.default\">\n\t\t\t\t<div class=\"elementor-widget-container\">\n\t\t\t\t\t\t\t\t\t\t\t\t\t<img loading=\"lazy\" decoding=\"async\" width=\"1000\" height=\"664\" src=\"https:\/\/bbtantuni.com\/wp-content\/uploads\/2024\/08\/icli-kofte-tarifi.jpg\" class=\"attachment-large size-large wp-image-15686\" alt=\"\" srcset=\"https:\/\/bbtantuni.com\/wp-content\/uploads\/2024\/08\/icli-kofte-tarifi.jpg 1000w, https:\/\/bbtantuni.com\/wp-content\/uploads\/2024\/08\/icli-kofte-tarifi-400x266.jpg 400w, https:\/\/bbtantuni.com\/wp-content\/uploads\/2024\/08\/icli-kofte-tarifi-768x510.jpg 768w\" sizes=\"(max-width: 1000px) 100vw, 1000px\" \/>\t\t\t\t\t\t\t\t\t\t\t\t\t<\/div>\n\t\t\t\t<\/div>\n\t\t\t\t\t<\/div>\n\t\t\t\t<\/div>\n\t\t<div class=\"elementor-element elementor-element-7bb7496 e-grid e-con-boxed e-con e-parent\" data-id=\"7bb7496\" data-element_type=\"container\" id=\"icecek\" data-settings=\"{&quot;background_background&quot;:&quot;classic&quot;}\">\n\t\t\t\t\t<div class=\"e-con-inner\">\n\t\t\t\t<div class=\"elementor-element elementor-element-06fe73b elementor-widget elementor-widget-heading\" data-id=\"06fe73b\" data-element_type=\"widget\" data-widget_type=\"heading.default\">\n\t\t\t\t<div class=\"elementor-widget-container\">\n\t\t\t<h5 class=\"elementor-heading-title elementor-size-default\">\u0130\u00e7ecekler<\/h5>\t\t<\/div>\n\t\t\t\t<\/div>\n\t\t\t\t\t<\/div>\n\t\t\t\t<\/div>\n\t\t<div class=\"elementor-element elementor-element-6779fd7 e-flex e-con-boxed e-con e-parent\" data-id=\"6779fd7\" data-element_type=\"container\">\n\t\t\t\t\t<div class=\"e-con-inner\">\n\t\t\t\t<div class=\"elementor-element elementor-element-489a4b4 elementor-widget elementor-widget-heading\" data-id=\"489a4b4\" data-element_type=\"widget\" data-widget_type=\"heading.default\">\n\t\t\t\t<div class=\"elementor-widget-container\">\n\t\t\t<h6 class=\"elementor-heading-title elementor-size-default\">Ayran  <br>\nTombul Ayran <br>\nKola  <br>\n\u015eeftalili Fuse Tea <br>\nMango Fuse Tea <br>\nFanta  <br>\nLitrelik Fanta-Ayran-Kola<br>\n\u015ealgam Ac\u0131l\u0131-Ac\u0131s\u0131z <br>\nSu<br>\nMaden Suyu Elmal\u0131-Limonlu-Sade<br>\nCappy \u015eeftali <br>\nUluda\u011f\u00a0Gazoz\u00a0\u015ei\u015fe<\/h6>\t\t<\/div>\n\t\t\t\t<\/div>\n\t\t\t\t<div class=\"elementor-element elementor-element-6335909 elementor-widget elementor-widget-image\" data-id=\"6335909\" data-element_type=\"widget\" data-widget_type=\"image.default\">\n\t\t\t\t<div class=\"elementor-widget-container\">\n\t\t\t\t\t\t\t\t\t\t\t\t\t<img loading=\"lazy\" decoding=\"async\" width=\"248\" height=\"203\" src=\"https:\/\/bbtantuni.com\/wp-content\/uploads\/2024\/08\/images.jpeg\" class=\"attachment-large size-large wp-image-15687\" alt=\"\" \/>\t\t\t\t\t\t\t\t\t\t\t\t\t<\/div>\n\t\t\t\t<\/div>\n\t\t\t\t\t<\/div>\n\t\t\t\t<\/div>\n\t\t\t\t<\/div>\n\t\t","protected":false},"excerpt":{"rendered":"<p>Tavuk Tantuni Tavuk Tantuni &#8211; Ekmek Aras\u0131 Tavuk Tantuni &#8211; D\u00fcr\u00fcm Tavuk Tantuni &#8211; Yo\u011furtlu Et Tantuni Et Tantuni &#8211; D\u00fcr\u00fcm Et Tantuni &#8211; Ekmek Aras\u0131 Et Tantuni &#8211; Yo\u011furtlu \u00c7i\u011f K\u00f6fte &#8211; D\u00fcr\u00fcm (100 gr.) &#8211; Mega D\u00fcr\u00fcm (150 gr.) &#8211; K\u00fc\u00e7\u00fck Paket (300 gr.) &#8211; Orta Paket (500 gr.) &#8211; B\u00fcy\u00fck Paket (750 &#8230; <a title=\"QR MENU\" class=\"read-more\" href=\"https:\/\/bbtantuni.com\/\" aria-label=\"Read more about QR MENU\">Devam\u0131n\u0131 oku<\/a><\/p>\n","protected":false},"author":1,"featured_media":0,"parent":0,"menu_order":0,"comment_status":"closed","ping_status":"closed","template":"elementor_canvas","meta":{"footnotes":""},"class_list":["post-15627","page","type-page","status-publish"],"_links":{"self":[{"href":"https:\/\/bbtantuni.com\/index.php\/wp-json\/wp\/v2\/pages\/15627","targetHints":{"allow":["GET"]}}],"collection":[{"href":"https:\/\/bbtantuni.com\/index.php\/wp-json\/wp\/v2\/pages"}],"about":[{"href":"https:\/\/bbtantuni.com\/index.php\/wp-json\/wp\/v2\/types\/page"}],"author":[{"embeddable":true,"href":"https:\/\/bbtantuni.com\/index.php\/wp-json\/wp\/v2\/users\/1"}],"replies":[{"embeddable":true,"href":"https:\/\/bbtantuni.com\/index.php\/wp-json\/wp\/v2\/comments?post=15627"}],"version-history":[{"count":37,"href":"https:\/\/bbtantuni.com\/index.php\/wp-json\/wp\/v2\/pages\/15627\/revisions"}],"predecessor-version":[{"id":15693,"href":"https:\/\/bbtantuni.com\/index.php\/wp-json\/wp\/v2\/pages\/15627\/revisions\/15693"}],"wp:attachment":[{"href":"https:\/\/bbtantuni.com\/index.php\/wp-json\/wp\/v2\/media?parent=15627"}],"curies":[{"name":"wp","href":"https:\/\/api.w.org\/{rel}","templated":true}]}}